{"id":1786,"date":"2026-04-10T17:02:06","date_gmt":"2026-04-10T15:02:06","guid":{"rendered":"https:\/\/onestylestore.com\/?page_id=1786"},"modified":"2026-04-10T17:06:33","modified_gmt":"2026-04-10T15:06:33","slug":"regulamin","status":"publish","type":"page","link":"https:\/\/onestylestore.com\/uk\/regulamin\/","title":{"rendered":"Regulamin"},"content":{"rendered":"\t\t<div data-elementor-type=\"wp-page\" data-elementor-id=\"1786\" class=\"elementor elementor-1786\">\n\t\t\t\t<div class=\"elementor-element elementor-element-a44da32 e-flex e-con-boxed e-con e-parent\" data-id=\"a44da32\" data-element_type=\"container\" data-e-type=\"container\">\n\t\t\t\t\t<div class=\"e-con-inner\">\n\t\t\t\t<div class=\"elementor-element elementor-element-7d78b4a elementor-widget elementor-widget-heading\" data-id=\"7d78b4a\" data-element_type=\"widget\" data-e-type=\"widget\" data-widget_type=\"heading.default\">\n\t\t\t\t<div class=\"elementor-widget-container\">\n\t\t\t\t\t<h2 class=\"elementor-heading-title elementor-size-default\">REGULAMIN SKLEPU INTERNETOWEGO \"ONESTYLE STORE\"<\/h2>\t\t\t\t<\/div>\n\t\t\t\t<\/div>\n\t\t\t\t<div class=\"elementor-element elementor-element-1d1dcc4 elementor-widget elementor-widget-text-editor\" data-id=\"1d1dcc4\" data-element_type=\"widget\" data-e-type=\"widget\" data-widget_type=\"text-editor.default\">\n\t\t\t\t<div class=\"elementor-widget-container\">\n\t\t\t\t\t\t\t\t\t<h3 data-path-to-node=\"4\">\u00a7 1. POSTANOWIENIA WST\u0118PNE<\/h3>\n<ol start=\"1\" data-path-to-node=\"5\">\n<li>\n<p data-path-to-node=\"5,0,0\">Sklep internetowy dost\u0119pny pod adresem onestylestore.com prowadzony jest przez <b data-path-to-node=\"5,0,0\" data-index-in-node=\"78\">Sofiia Pidtserkovna<\/b>, zamieszka\u0142\u0105 w<b> Warszawa ul. Warszawski \u015awit 12\/110, 03-365<\/b>, prowadz\u0105c\u0105 dzia\u0142alno\u015b\u0107 nierejestrow\u0105 zgodnie z art. 5 ust. 1 ustawy \u2014 Prawo przedsi\u0119biorc\u00f3w<\/p>\n<\/li>\n<li>\n<p data-path-to-node=\"5,1,0\">Kontakt ze Sprzedawc\u0105 odbywa si\u0119 pod adresem e-mail: <b data-path-to-node=\"5,1,0\" data-index-in-node=\"53\">sklep@onestylestore.com<\/b> lub telefonicznie pod numerem: <b data-path-to-node=\"5,1,0\" data-index-in-node=\"99\">+380<\/b>.<\/p>\n<\/li>\n<li>\n<p data-path-to-node=\"5,2,0\">Regulamin okre\u015bla zasady korzystania ze Sklepu, sk\u0142adania zam\u00f3wie\u0144 oraz zasady odst\u0105pienia od umowy i reklamacji.<\/p>\n<\/li>\n<\/ol>\n<h3 data-path-to-node=\"6\">\u00a7 2. US\u0141UGI ELEKTRONICZNE<\/h3>\n<ol start=\"1\" data-path-to-node=\"7\">\n<li>\n<p data-path-to-node=\"7,0,0\">Sprzedawca \u015bwiadczy drog\u0105 elektroniczn\u0105 us\u0142ugi w zakresie: prowadzenia Konta U\u017cytkownika, Formularza Zam\u00f3wienia oraz Newslettera.<\/p>\n<\/li>\n<li>\n<p data-path-to-node=\"7,1,0\">Us\u0142uga Newslettera polega na przesy\u0142aniu informacji handlowych (np. kod rabatowy 15%) po uprzednim wyra\u017ceniu zgody przez Klienta.<\/p>\n<\/li>\n<\/ol>\n<h3 data-path-to-node=\"8\">\u00a7 3. SK\u0141ADANIE I REALIZACJA ZAM\u00d3WIE\u0143<\/h3>\n<ol start=\"1\" data-path-to-node=\"9\">\n<li>\n<p data-path-to-node=\"9,0,0\">Ceny towar\u00f3w s\u0105 cenami brutto (zawieraj\u0105 podatek VAT) i s\u0105 podawane w z\u0142otych polskich (PLN).<\/p>\n<\/li>\n<li>\n<p data-path-to-node=\"9,1,0\">Zam\u00f3wienie uwa\u017ca si\u0119 za z\u0142o\u017cone w momencie klikni\u0119cia przycisku potwierdzaj\u0105cego zakup z obowi\u0105zkiem zap\u0142aty.<\/p>\n<\/li>\n<li>\n<p data-path-to-node=\"9,2,0\">Sprzedawca oferuje nast\u0119puj\u0105ce metody p\u0142atno\u015bci: <b data-path-to-node=\"9,2,0\" data-index-in-node=\"49\">[np. Przelewy24, Blik, Karty p\u0142atnicze, Pobranie]<\/b>.<\/p>\n<\/li>\n<li>\n<p data-path-to-node=\"9,3,0\">Dostawa realizowana jest na terytorium Polski za po\u015brednictwem: <b data-path-to-node=\"9,3,0\" data-index-in-node=\"64\">[np. InPost, DPD]<\/b>. Termin dostawy wynosi zazwyczaj od <b data-path-to-node=\"9,3,0\" data-index-in-node=\"118\">[np. 1 do 5]<\/b> dni roboczych.<\/p>\n<\/li>\n<\/ol>\n<h3 data-path-to-node=\"10\">\u00a7 4. PRAWO DO ODST\u0104PIENIA OD UMOWY (ZWROTY)<\/h3>\n<ol start=\"1\" data-path-to-node=\"11\">\n<li>\n<p data-path-to-node=\"11,0,0\">Konsument (oraz przedsi\u0119biorca na prawach konsumenta) ma prawo odst\u0105pi\u0107 od umowy bez podania przyczyny w terminie <b data-path-to-node=\"11,0,0\" data-index-in-node=\"114\">14 dni<\/b> od obj\u0119cia towaru w posiadanie.<\/p>\n<\/li>\n<li>\n<p data-path-to-node=\"11,1,0\">Aby skorzysta\u0107 z prawa odst\u0105pienia, Klient musi poinformowa\u0107 Sprzedawc\u0119 o swojej decyzji w drodze jednoznacznego o\u015bwiadczenia (np. e-mail).<\/p>\n<\/li>\n<li>\n<p data-path-to-node=\"11,2,0\">Klient zwraca towar na w\u0142asny koszt na adres:&nbsp;<b>Warszawa ul. Warszawski \u015awit 12\/110, 03-365<\/b>.<\/p>\n<\/li>\n<li>\n<p data-path-to-node=\"11,3,0\">Sprzedawca zwraca wszystkie otrzymane p\u0142atno\u015bci, w tym koszty dostarczenia rzeczy (z wyj\u0105tkiem dodatkowych koszt\u00f3w wynikaj\u0105cych z wybranego przez Klienta sposobu dostarczenia innego ni\u017c najta\u0144szy zwyk\u0142y spos\u00f3b dostarczenia oferowany przez Sklep).<\/p>\n<\/li>\n<\/ol>\n<h3 data-path-to-node=\"12\">\u00a7 5. REKLAMACJE (BRAK ZGODNO\u015aCI TOWARU Z UMOW\u0104)<\/h3>\n<ol start=\"1\" data-path-to-node=\"13\">\n<li>\n<p data-path-to-node=\"13,0,0\">Sprzedawca ma obowi\u0105zek dostarczy\u0107 towar zgodny z umow\u0105.<\/p>\n<\/li>\n<li>\n<p data-path-to-node=\"13,1,0\">W przypadku braku zgodno\u015bci towaru z umow\u0105, Klientowi przys\u0142uguj\u0105 uprawnienia okre\u015blone w ustawie o prawach konsumenta (naprawa, wymiana, obni\u017cenie ceny lub odst\u0105pienie od umowy).<\/p>\n<\/li>\n<li>\n<p data-path-to-node=\"13,2,0\">Reklamacje nale\u017cy sk\u0142ada\u0107 na adres e-mail lub pocztowy Sprzedawcy. Sprzedawca ustosunkuje si\u0119 do reklamacji w terminie <b data-path-to-node=\"13,2,0\" data-index-in-node=\"119\">14 dni<\/b>.<\/p>\n<\/li>\n<\/ol>\n<h3 data-path-to-node=\"14\">\u00a7 6. OPINIE O PRODUKTACH (OMNIBUS)<\/h3>\n<ol start=\"1\" data-path-to-node=\"15\">\n<li>\n<p data-path-to-node=\"15,0,0\">Sprzedawca umo\u017cliwia wystawianie opinii o produktach.<\/p>\n<\/li>\n<li>\n<p data-path-to-node=\"15,1,0\">Sprzedawca weryfikuje, czy opinia pochodzi od Klienta, kt\u00f3ry faktycznie zakupi\u0142 produkt, poprzez wysy\u0142anie indywidualnych link\u00f3w do oceny po zakupie lub weryfikacj\u0119 adresu e-mail przypisanego do zam\u00f3wienia.<\/p>\n<\/li>\n<\/ol>\n<h3 data-path-to-node=\"16\">\u00a7 7. POSTANOWIENIA KO\u0143COWE<\/h3>\n<ol start=\"1\" data-path-to-node=\"17\">\n<li>\n<p data-path-to-node=\"17,0,0\">W sprawach nieuregulowanych niniejszym Regulaminem maj\u0105 zastosowanie powszechnie obowi\u0105zuj\u0105ce przepisy prawa polskiego.<\/p>\n<\/li>\n<li>\n<p data-path-to-node=\"17,1,0\">Sprzedawca zastrzega sobie prawo do zmiany Regulaminu. Do zam\u00f3wie\u0144 z\u0142o\u017conych przed zmian\u0105 stosuje si\u0119 regulamin obowi\u0105zuj\u0105cy w dacie zam\u00f3wienia.<\/p>\n<\/li>\n<\/ol>\t\t\t\t\t\t\t\t<\/div>\n\t\t\t\t<\/div>\n\t\t\t\t\t<\/div>\n\t\t\t\t<\/div>\n\t\t\t\t<\/div>\n\t\t","protected":false},"excerpt":{"rendered":"<p>REGULAMIN SKLEPU INTERNETOWEGO &#8222;ONESTYLE STORE&#8221; \u00a7 1. POSTANOWIENIA WST\u0118PNE Sklep internetowy dost\u0119pny pod adresem onestylestore.com prowadzony jest przez Sofiia Pidtserkovna, zamieszka\u0142\u0105 w Warszawa ul. Warszawski \u015awit 12\/110, 03-365, prowadz\u0105c\u0105 dzia\u0142alno\u015b\u0107 nierejestrow\u0105 zgodnie z art. 5 ust. 1 ustawy \u2014 Prawo przedsi\u0119biorc\u00f3w Kontakt ze Sprzedawc\u0105 odbywa si\u0119 pod adresem e-mail: sklep@onestylestore.com lub telefonicznie pod numerem: +380. [&hellip;]<\/p>\n","protected":false},"author":1,"featured_media":0,"parent":0,"menu_order":0,"comment_status":"closed","ping_status":"closed","template":"","meta":{"site-sidebar-layout":"no-sidebar","site-content-layout":"page-builder","ast-site-content-layout":"full-width-container","site-content-style":"default","site-sidebar-style":"default","ast-global-header-display":"","ast-banner-title-visibility":"","ast-main-header-display":"","ast-hfb-above-header-display":"","ast-hfb-below-header-display":"","ast-hfb-mobile-header-display":"","site-post-title":"","ast-breadcrumbs-content":"","ast-featured-img":"disabled","footer-sml-layout":"","ast-disable-related-posts":"","theme-transparent-header-meta":"","adv-header-id-meta":"","stick-header-meta":"","header-above-stick-meta":"","header-main-stick-meta":"","header-below-stick-meta":"","astra-migrate-meta-layouts":"set","ast-page-background-enabled":"default","ast-page-background-meta":{"desktop":{"background-color":"","background-image":"","background-repeat":"repeat","background-position":"center center","background-size":"auto","background-attachment":"scroll","background-type":"","background-media":"","overlay-type":"","overlay-color":"","overlay-opacity":"","overlay-gradient":""},"tablet":{"background-color":"","background-image":"","background-repeat":"repeat","background-position":"center center","background-size":"auto","background-attachment":"scroll","background-type":"","background-media":"","overlay-type":"","overlay-color":"","overlay-opacity":"","overlay-gradient":""},"mobile":{"background-color":"","background-image":"","background-repeat":"repeat","background-position":"center center","background-size":"auto","background-attachment":"scroll","background-type":"","background-media":"","overlay-type":"","overlay-color":"","overlay-opacity":"","overlay-gradient":""}},"ast-content-background-meta":{"desktop":{"background-color":"var(--ast-global-color-5)","background-image":"","background-repeat":"repeat","background-position":"center center","background-size":"auto","background-attachment":"scroll","background-type":"","background-media":"","overlay-type":"","overlay-color":"","overlay-opacity":"","overlay-gradient":""},"tablet":{"background-color":"var(--ast-global-color-5)","background-image":"","background-repeat":"repeat","background-position":"center center","background-size":"auto","background-attachment":"scroll","background-type":"","background-media":"","overlay-type":"","overlay-color":"","overlay-opacity":"","overlay-gradient":""},"mobile":{"background-color":"var(--ast-global-color-5)","background-image":"","background-repeat":"repeat","background-position":"center center","background-size":"auto","background-attachment":"scroll","background-type":"","background-media":"","overlay-type":"","overlay-color":"","overlay-opacity":"","overlay-gradient":""}},"footnotes":""},"class_list":["post-1786","page","type-page","status-publish","hentry"],"_links":{"self":[{"href":"https:\/\/onestylestore.com\/uk\/wp-json\/wp\/v2\/pages\/1786","targetHints":{"allow":["GET"]}}],"collection":[{"href":"https:\/\/onestylestore.com\/uk\/wp-json\/wp\/v2\/pages"}],"about":[{"href":"https:\/\/onestylestore.com\/uk\/wp-json\/wp\/v2\/types\/page"}],"author":[{"embeddable":true,"href":"https:\/\/onestylestore.com\/uk\/wp-json\/wp\/v2\/users\/1"}],"replies":[{"embeddable":true,"href":"https:\/\/onestylestore.com\/uk\/wp-json\/wp\/v2\/comments?post=1786"}],"version-history":[{"count":5,"href":"https:\/\/onestylestore.com\/uk\/wp-json\/wp\/v2\/pages\/1786\/revisions"}],"predecessor-version":[{"id":1794,"href":"https:\/\/onestylestore.com\/uk\/wp-json\/wp\/v2\/pages\/1786\/revisions\/1794"}],"wp:attachment":[{"href":"https:\/\/onestylestore.com\/uk\/wp-json\/wp\/v2\/media?parent=1786"}],"curies":[{"name":"wp","href":"https:\/\/api.w.org\/{rel}","templated":true}]}}